{"id":32,"date":"2022-10-12T15:29:21","date_gmt":"2022-10-12T13:29:21","guid":{"rendered":"http:\/\/desevedavy.com\/?page_id=32"},"modified":"2023-05-25T15:56:35","modified_gmt":"2023-05-25T13:56:35","slug":"liens-utiles","status":"publish","type":"page","link":"https:\/\/desevedavy.com\/index.php\/liens-utiles\/","title":{"rendered":"Liens utiles"},"content":{"rendered":"\n<p>Facebook : <a href=\"http:\/\/facebook.com\/padou.desevedavy\" data-type=\"URL\" data-id=\"facebook.com\/padou.desevedavy\">facebook.com\/padou.desevedavy<\/a> <\/p>\n\n\n\n<p>Instagram : <a href=\"https:\/\/www.instagram.com\/padoudesevedavy\/\">https:\/\/www.instagram.com\/padoudesevedavy\/<\/a><\/p>\n\n\n\n<p><\/p>\n\n\n\n<p>D Argiles association des c\u00e9ramistes en Rhone Alpes    <a href=\"https:\/\/www.dargiles.org\/\" target=\"_blank\" rel=\"noreferrer noopener\">https:\/\/www.dargiles.org\/<\/a><\/p>\n\n\n\n<p>Collectif national des c\u00e9ramistes <a href=\"http:\/\/www.collectif-ceramiste.org\">www.collectif-ceramistes.org<\/a><\/p>\n\n\n\n<p>Ateliers d&rsquo;Art de France : <a href=\"http:\/\/www.ateliersdart.com\">www.ateliersdart.com<\/a><\/p>\n\n\n\n<p>Revue de la c\u00e9ramique et du verre <a href=\"http:\/\/www.editionateliersdart.com\" data-type=\"URL\" data-id=\"www.editionateliersdart.com\">www.editionateliersdart.com<\/a><\/p>\n\n\n\n<p>Creart &#8211; Articad &#8211; Association des m\u00e9tiers d&rsquo;art en Nord-Is\u00e8re <\/p>\n\n\n\n<p>                                               <a href=\"http:\/\/www.creart-artisans-art.ovh\/\" target=\"_blank\" rel=\"noreferrer noopener\">http:\/\/www.creart-artisans-art.ovh\/<\/a><\/p>\n\n\n\n<p>&nbsp;&nbsp; &nbsp; &nbsp; &nbsp; &nbsp; &nbsp; &nbsp; &nbsp; &nbsp; &nbsp; &nbsp; &nbsp; &nbsp; &nbsp; &nbsp; <\/p>\n\n\n\n<p>C&rsquo;est Fait ICI       <a href=\"https:\/\/www.cestfaitici.fr\/\" target=\"_blank\" rel=\"noreferrer noopener\">https:\/\/www.cestfaitici.fr\/<\/a><\/p>\n\n\n\n<p>Galerie Boutique  Rev&rsquo;olution       <a href=\"https:\/\/boutique-revolution.com\/\" target=\"_blank\" rel=\"noreferrer noopener\">https:\/\/boutique-revolution.com\/<\/a><\/p>\n\n\n\n<p><\/p>\n\n\n\n<p><\/p>\n\n\n\n<p id=\"yui_3_5_0_1_1444559550532_22395\"><\/p>\n","protected":false},"excerpt":{"rendered":"<p>Facebook : facebook.com\/padou.desevedavy Instagram : https:\/\/www.instagram.com\/padoudesevedavy\/ D Argiles association des c\u00e9ramistes en Rhone Alpes https:\/\/www.dargiles.org\/ Collectif national des c\u00e9ramistes www.collectif-ceramistes.org Ateliers d&rsquo;Art de France : www.ateliersdart.com Revue de la c\u00e9ramique et du verre www.editionateliersdart.com Creart &#8211; Articad &#8211; Association des m\u00e9tiers d&rsquo;art en Nord-Is\u00e8re http:\/\/www.creart-artisans-art.ovh\/ &nbsp;&nbsp; &nbsp; &nbsp; &nbsp; &nbsp; &nbsp; &nbsp; &nbsp; &nbsp; &nbsp; [&hellip;]<\/p>\n","protected":false},"author":1,"featured_media":0,"parent":0,"menu_order":0,"comment_status":"closed","ping_status":"closed","template":"","meta":{"footnotes":""},"class_list":["post-32","page","type-page","status-publish","hentry"],"_links":{"self":[{"href":"https:\/\/desevedavy.com\/index.php\/wp-json\/wp\/v2\/pages\/32","targetHints":{"allow":["GET"]}}],"collection":[{"href":"https:\/\/desevedavy.com\/index.php\/wp-json\/wp\/v2\/pages"}],"about":[{"href":"https:\/\/desevedavy.com\/index.php\/wp-json\/wp\/v2\/types\/page"}],"author":[{"embeddable":true,"href":"https:\/\/desevedavy.com\/index.php\/wp-json\/wp\/v2\/users\/1"}],"replies":[{"embeddable":true,"href":"https:\/\/desevedavy.com\/index.php\/wp-json\/wp\/v2\/comments?post=32"}],"version-history":[{"count":9,"href":"https:\/\/desevedavy.com\/index.php\/wp-json\/wp\/v2\/pages\/32\/revisions"}],"predecessor-version":[{"id":97,"href":"https:\/\/desevedavy.com\/index.php\/wp-json\/wp\/v2\/pages\/32\/revisions\/97"}],"wp:attachment":[{"href":"https:\/\/desevedavy.com\/index.php\/wp-json\/wp\/v2\/media?parent=32"}],"curies":[{"name":"wp","href":"https:\/\/api.w.org\/{rel}","templated":true}]}}