{"id":28,"date":"2022-10-12T15:27:54","date_gmt":"2022-10-12T13:27:54","guid":{"rendered":"http:\/\/desevedavy.com\/?page_id=28"},"modified":"2025-10-08T15:11:22","modified_gmt":"2025-10-08T13:11:22","slug":"cours","status":"publish","type":"page","link":"https:\/\/desevedavy.com\/index.php\/cours\/","title":{"rendered":"Cours"},"content":{"rendered":"\n<figure class=\"wp-block-image\"><img decoding=\"async\" src=\"http:\/\/img.over-blog.com\/300x199\/5\/39\/35\/68\/cours2.jpg\" alt=\"cours2.jpg\"\/><\/figure>\n\n\n\n<p>Adultes,&nbsp;d\u00e9butants ou confirm\u00e9s, 6 personnes par ateliers,<\/p>\n\n\n\n<p>Modelage sculpture, vaisselle\u2026 et bonne ambiance !<\/p>\n\n\n\n<p><strong>Horaires des cours<\/strong><\/p>\n\n\n\n<p id=\"yui_3_5_0_1_1444557299704_38191\"><strong>&#8211; <\/strong><strong>Mercredi <\/strong><strong>18h30- 20h30 <\/strong><\/p>\n\n\n\n<p id=\"yui_3_5_0_1_1474134314366_24401\">&nbsp;Les horaires peuvent l\u00e9g\u00e8rement changer d\u2019une ann\u00e9e sur l\u2019autre, se renseigner&nbsp;.<\/p>\n\n\n\n<p><strong>Tarif&nbsp;:<\/strong><\/p>\n\n\n\n<p>-La premi\u00e8re carte de 4 s\u00e9ances est \u00e0 130\u20ac <\/p>\n\n\n\n<p>-possibilit\u00e9 de \u00ab\u00a0bons cadeaux\u00a0\u00bb de 4  s\u00e9ances de cours  de poterie \u00e0 130\u20ac<\/p>\n\n\n\n<p>-Les cartes suivantes sont \u00e0 120\u20ac soit 30\u20ac la s\u00e9ance<\/p>\n\n\n\n<p>-Ces tarifs sont tout compris, enseignement, fourniture de la terre, pr\u00eat du mat\u00e9riel, Cuisson\u2026.<\/p>\n\n\n\n<p>-Possibilit\u00e9 de travailler plusieurs terres ( gr\u00e8s ou fa\u00efence de diff\u00e9rentes couleurs). D\u00e9coration engobes ou \u00e9mail de diff\u00e9rentes couleurs. <\/p>\n\n\n\n<p><strong>Stages adultes et enfants<\/strong><\/p>\n\n\n\n<p>A la demande pendant les vacances scolaires<\/p>\n\n\n\n<p>Pensez \u00e0 r\u00e9server longtemps \u00e0 l\u2019avance la liste d\u2019attente est un peu longue<\/p>\n\n\n\n<p><\/p>\n","protected":false},"excerpt":{"rendered":"<p>Adultes,&nbsp;d\u00e9butants ou confirm\u00e9s, 6 personnes par ateliers, Modelage sculpture, vaisselle\u2026 et bonne ambiance ! Horaires des cours &#8211; Mercredi 18h30- 20h30 &nbsp;Les horaires peuvent l\u00e9g\u00e8rement changer d\u2019une ann\u00e9e sur l\u2019autre, se renseigner&nbsp;. Tarif&nbsp;: -La premi\u00e8re carte de 4 s\u00e9ances est \u00e0 130\u20ac -possibilit\u00e9 de \u00ab\u00a0bons cadeaux\u00a0\u00bb de 4 s\u00e9ances de cours de poterie \u00e0 130\u20ac [&hellip;]<\/p>\n","protected":false},"author":1,"featured_media":0,"parent":0,"menu_order":0,"comment_status":"closed","ping_status":"closed","template":"","meta":{"footnotes":""},"class_list":["post-28","page","type-page","status-publish","hentry"],"_links":{"self":[{"href":"https:\/\/desevedavy.com\/index.php\/wp-json\/wp\/v2\/pages\/28","targetHints":{"allow":["GET"]}}],"collection":[{"href":"https:\/\/desevedavy.com\/index.php\/wp-json\/wp\/v2\/pages"}],"about":[{"href":"https:\/\/desevedavy.com\/index.php\/wp-json\/wp\/v2\/types\/page"}],"author":[{"embeddable":true,"href":"https:\/\/desevedavy.com\/index.php\/wp-json\/wp\/v2\/users\/1"}],"replies":[{"embeddable":true,"href":"https:\/\/desevedavy.com\/index.php\/wp-json\/wp\/v2\/comments?post=28"}],"version-history":[{"count":9,"href":"https:\/\/desevedavy.com\/index.php\/wp-json\/wp\/v2\/pages\/28\/revisions"}],"predecessor-version":[{"id":107,"href":"https:\/\/desevedavy.com\/index.php\/wp-json\/wp\/v2\/pages\/28\/revisions\/107"}],"wp:attachment":[{"href":"https:\/\/desevedavy.com\/index.php\/wp-json\/wp\/v2\/media?parent=28"}],"curies":[{"name":"wp","href":"https:\/\/api.w.org\/{rel}","templated":true}]}}