{"id":26,"date":"2022-10-12T15:27:11","date_gmt":"2022-10-12T13:27:11","guid":{"rendered":"http:\/\/desevedavy.com\/?page_id=26"},"modified":"2022-10-14T16:11:35","modified_gmt":"2022-10-14T14:11:35","slug":"plan-dacces","status":"publish","type":"page","link":"https:\/\/desevedavy.com\/index.php\/plan-dacces\/","title":{"rendered":"Plan d&rsquo;acc\u00e8s"},"content":{"rendered":"\n<p id=\"yui_3_5_0_1_1444557299704_51589\">La poterie 900 chemin de Longeville <\/p>\n\n\n\n<p id=\"yui_3_5_0_1_1444557299704_51589\">38300 S\u00e9r\u00e9zin de la Tour (entre Grenoble et Lyon)\u00a0 <\/p>\n\n\n\n<p id=\"yui_3_5_0_1_1444557299704_51589\">Tel 33(0)6 22 99 63 02<\/p>\n\n\n\n<p>A c\u00f4t\u00e9 de Bourgoin et la Tour du Pin&nbsp;<\/p>\n\n\n\n<figure class=\"wp-block-image\"><img decoding=\"async\" src=\"http:\/\/img.over-blog.com\/300x196\/5\/39\/35\/68\/plan-d-acces-Padou.JPG\" alt=\"plan d'acc\u00e8s Padou\"\/><\/figure>\n\n\n\n<p>Les pointilleux branchent leur GPS:<\/p>\n\n\n\n<p id=\"yui_3_5_0_1_1474134314366_17847\">N 45.562359&nbsp;et E 5.334104<\/p>\n\n\n\n<h4 class=\"wp-block-heading\"><em><strong>Depuis Bourgoin<\/strong><\/em><\/h4>\n\n\n\n<p>Traverser Bourgoin direction Grenoble<\/p>\n\n\n\n<p>A la sortie de Bourgoin \u00e0 la fourche des nationales, prendre la direction Grenoble par la nationale direction Nivolas Vermelle.<\/p>\n\n\n\n<p>A l&rsquo;entr\u00e9e de Nivolas, au 1<sup>er<\/sup> feu prendre \u00e0 gauche direction S\u00e9r\u00e9zin de la tour<\/p>\n\n\n\n<p>Monter jusqu&rsquo;au 1<sup>er<\/sup> panneau indiquant l&rsquo;entr\u00e9e sur la commune de S\u00e9r\u00e9zin (bien avant le village)<\/p>\n\n\n\n<p>200 m\u00e8tres apr\u00e8s ce panneau prendre sur la gauche Hameau de Longeville ou chemin de longeville<\/p>\n\n\n\n<p>200 m\u00e8tres plus loin la route tourne \u00e0 90\u00b0 sur la droite.<\/p>\n\n\n\n<p>Continuer sur&nbsp; 400 m\u00e8tres et vous verrez l&rsquo;enseigne de la poterie sur votre gauche<\/p>\n\n\n\n<p>Parking voitures et&nbsp; bus \u00e0 l\u2019arri\u00e8re de la ferme<\/p>\n\n\n\n<p>Bienvenue<\/p>\n\n\n\n<h4 class=\"wp-block-heading\"><em><strong>Depuis la Tour du Pin<\/strong><\/em><\/h4>\n\n\n\n<p>Avant d&rsquo;arriver \u00e0 Bourgoin prendre sur la gauche la direction S\u00e9r\u00e9zin de la tour.<\/p>\n\n\n\n<p>Aller jusqu&rsquo;au centre du village (Bar\/\u00e9picerie) et tourner sur la droite \u00e0 90\u00b0<\/p>\n\n\n\n<p>Juste apr\u00e8s la Mairie prendre \u00e0 droite hameau de Longeville.<\/p>\n\n\n\n<p>200 m\u00e8tres plus loin au T prendre \u00e0 droite puis \u00e0 gauche en suivant le chemin principal<\/p>\n\n\n\n<p>400 m\u00e8tres plus loin sur votre droite vous verrez l&rsquo;enseigne de la poterie<\/p>\n\n\n\n<p>Parking voitures et&nbsp; bus \u00e0 l\u2019arri\u00e8re de la ferme<\/p>\n\n\n\n<p>Bienvenue<\/p>\n\n\n\n<h4 class=\"wp-block-heading\"><strong><em>Par l&rsquo;autoroute<\/em><\/strong><\/h4>\n\n\n\n<p>Sortie Bourgoin centre n\u00b08<\/p>\n\n\n\n<p>2 fois \u00e0 gauche direction Nivolas Vermelle\/Grenoble pour rejoindre la N85<\/p>\n\n\n\n<p>A l&rsquo;entr\u00e9e de Nivolas, au 1<sup>er<\/sup> feu prendre \u00e0 gauche direction S\u00e9r\u00e9zin de la tour<\/p>\n\n\n\n<p>Monter jusqu&rsquo;au 1<sup>er<\/sup> panneau indiquant l&rsquo;entr\u00e9e sur la commune de S\u00e9r\u00e9zin (bien avant le village)<\/p>\n\n\n\n<p>200 m\u00e8tres plus loin prendre sur la gauche Hameau de Longeville ou chemin de longeville<\/p>\n\n\n\n<p>200 m\u00e8tres plus loin la route tourne \u00e0 90\u00b0 sur la droite.<\/p>\n\n\n\n<p>Continuer sur&nbsp; 400 m\u00e8tres et vous verrez l&rsquo;enseigne de la poterie sur votre gauche<\/p>\n\n\n\n<p>Parking voitures et&nbsp; bus \u00e0 l\u2019arri\u00e8re de la ferme<\/p>\n\n\n\n<p>Bienvenue<\/p>\n","protected":false},"excerpt":{"rendered":"<p>La poterie 900 chemin de Longeville 38300 S\u00e9r\u00e9zin de la Tour (entre Grenoble et Lyon)\u00a0 Tel 33(0)6 22 99 63 02 A c\u00f4t\u00e9 de Bourgoin et la Tour du Pin&nbsp; Les pointilleux branchent leur GPS: N 45.562359&nbsp;et E 5.334104 Depuis Bourgoin Traverser Bourgoin direction Grenoble A la sortie de Bourgoin \u00e0 la fourche des nationales, [&hellip;]<\/p>\n","protected":false},"author":1,"featured_media":0,"parent":0,"menu_order":0,"comment_status":"closed","ping_status":"closed","template":"","meta":{"footnotes":""},"class_list":["post-26","page","type-page","status-publish","hentry"],"_links":{"self":[{"href":"https:\/\/desevedavy.com\/index.php\/wp-json\/wp\/v2\/pages\/26","targetHints":{"allow":["GET"]}}],"collection":[{"href":"https:\/\/desevedavy.com\/index.php\/wp-json\/wp\/v2\/pages"}],"about":[{"href":"https:\/\/desevedavy.com\/index.php\/wp-json\/wp\/v2\/types\/page"}],"author":[{"embeddable":true,"href":"https:\/\/desevedavy.com\/index.php\/wp-json\/wp\/v2\/users\/1"}],"replies":[{"embeddable":true,"href":"https:\/\/desevedavy.com\/index.php\/wp-json\/wp\/v2\/comments?post=26"}],"version-history":[{"count":5,"href":"https:\/\/desevedavy.com\/index.php\/wp-json\/wp\/v2\/pages\/26\/revisions"}],"predecessor-version":[{"id":66,"href":"https:\/\/desevedavy.com\/index.php\/wp-json\/wp\/v2\/pages\/26\/revisions\/66"}],"wp:attachment":[{"href":"https:\/\/desevedavy.com\/index.php\/wp-json\/wp\/v2\/media?parent=26"}],"curies":[{"name":"wp","href":"https:\/\/api.w.org\/{rel}","templated":true}]}}