{"id":21,"date":"2022-10-12T15:24:43","date_gmt":"2022-10-12T13:24:43","guid":{"rendered":"http:\/\/desevedavy.com\/?page_id=21"},"modified":"2022-10-14T17:01:33","modified_gmt":"2022-10-14T15:01:33","slug":"atelier","status":"publish","type":"page","link":"https:\/\/desevedavy.com\/index.php\/atelier\/","title":{"rendered":"Atelier"},"content":{"rendered":"\n<p>La poterie 900 chemin de longeville 38300 S\u00e9r\u00e9zin de la Tour Tel 06.22.99.63.02<\/p>\n\n\n\n<p>padou.desevedavy@gmail.com<\/p>\n\n\n\n<figure class=\"wp-block-image\"><img decoding=\"async\" src=\"http:\/\/img.over-blog.com\/300x202\/5\/39\/35\/68\/visites.jpg\" alt=\"visites\"\/><\/figure>\n\n\n\n<figure class=\"wp-block-image is-resized\"><img loading=\"lazy\" decoding=\"async\" src=\"http:\/\/img.over-blog.com\/100x75\/5\/39\/35\/68\/Atelier--principal-v2.jpg\" alt=\"Atelier principal v2\" width=\"204\" height=\"153\"\/><\/figure>\n\n\n\n<p><em><strong>&nbsp;Plus qu\u2019une poterie, l\u2019atelier est un lieu de rencontres et d\u2019\u00e9changes.<\/strong><\/em><\/p>\n\n\n\n<p class=\"has-text-align-left\"><em><strong>On y vient :<\/strong><\/em><\/p>\n\n\n\n<p>&#8211;&nbsp;&nbsp;&nbsp;&nbsp;Pour voir travailler la poti\u00e8re<\/p>\n\n\n\n<p>&#8211;&nbsp;&nbsp;&nbsp; En famille ou en groupe pour assister \u00e0 des d\u00e9monstrations<\/p>\n\n\n\n<p>&#8211;&nbsp;&nbsp;&nbsp; Avec une association ou en visite guid\u00e9e lors d\u2019un parcours touristique (possibilit\u00e9 de repas \u00e0 la ferme)<\/p>\n\n\n\n<p>&#8211;&nbsp;&nbsp;&nbsp;&nbsp;visiter la salle d&rsquo;expo\/magasin<\/p>\n\n\n\n<p>&#8211;&nbsp;&nbsp;&nbsp;&nbsp;&nbsp;&nbsp;&nbsp;&nbsp; \u2026<\/p>\n\n\n\n<p><em><strong>Points forts de<\/strong><\/em> <em><strong>l&rsquo;ann\u00e9e<\/strong><\/em><\/p>\n\n\n\n<p>Les journ\u00e9es de la C\u00e9ramique<\/p>\n\n\n\n<p>Les journ\u00e9es des m\u00e9tiers d\u2019Art <\/p>\n","protected":false},"excerpt":{"rendered":"<p>La poterie 900 chemin de longeville 38300 S\u00e9r\u00e9zin de la Tour Tel 06.22.99.63.02 padou.desevedavy@gmail.com &nbsp;Plus qu\u2019une poterie, l\u2019atelier est un lieu de rencontres et d\u2019\u00e9changes. On y vient : &#8211;&nbsp;&nbsp;&nbsp;&nbsp;Pour voir travailler la poti\u00e8re &#8211;&nbsp;&nbsp;&nbsp; En famille ou en groupe pour assister \u00e0 des d\u00e9monstrations &#8211;&nbsp;&nbsp;&nbsp; Avec une association ou en visite guid\u00e9e lors d\u2019un [&hellip;]<\/p>\n","protected":false},"author":1,"featured_media":0,"parent":0,"menu_order":0,"comment_status":"closed","ping_status":"closed","template":"","meta":{"footnotes":""},"class_list":["post-21","page","type-page","status-publish","hentry"],"_links":{"self":[{"href":"https:\/\/desevedavy.com\/index.php\/wp-json\/wp\/v2\/pages\/21","targetHints":{"allow":["GET"]}}],"collection":[{"href":"https:\/\/desevedavy.com\/index.php\/wp-json\/wp\/v2\/pages"}],"about":[{"href":"https:\/\/desevedavy.com\/index.php\/wp-json\/wp\/v2\/types\/page"}],"author":[{"embeddable":true,"href":"https:\/\/desevedavy.com\/index.php\/wp-json\/wp\/v2\/users\/1"}],"replies":[{"embeddable":true,"href":"https:\/\/desevedavy.com\/index.php\/wp-json\/wp\/v2\/comments?post=21"}],"version-history":[{"count":7,"href":"https:\/\/desevedavy.com\/index.php\/wp-json\/wp\/v2\/pages\/21\/revisions"}],"predecessor-version":[{"id":73,"href":"https:\/\/desevedavy.com\/index.php\/wp-json\/wp\/v2\/pages\/21\/revisions\/73"}],"wp:attachment":[{"href":"https:\/\/desevedavy.com\/index.php\/wp-json\/wp\/v2\/media?parent=21"}],"curies":[{"name":"wp","href":"https:\/\/api.w.org\/{rel}","templated":true}]}}