{"id":19,"date":"2022-10-12T15:23:48","date_gmt":"2022-10-12T13:23:48","guid":{"rendered":"http:\/\/desevedavy.com\/?page_id=19"},"modified":"2022-10-14T17:59:57","modified_gmt":"2022-10-14T15:59:57","slug":"galerie-photos","status":"publish","type":"page","link":"https:\/\/desevedavy.com\/index.php\/galerie-photos\/","title":{"rendered":"Galerie Photos"},"content":{"rendered":"\n<p><strong><em>la force des rouges,&nbsp;<\/em><\/strong><strong><em>le contraste des mati\u00e8res<\/em><\/strong><\/p>\n\n\n\n<p><strong><em>les rouges d\u00e9co<\/em><\/strong>&nbsp; &nbsp;&nbsp;<\/p>\n\n\n\n<figure class=\"wp-block-image\"><img decoding=\"async\" src=\"http:\/\/img.over-blog.com\/300x199\/5\/39\/35\/68\/pot-deco.jpg\" alt=\"pot-deco.jpg\"\/><\/figure>\n\n\n\n<figure class=\"wp-block-image\"><img decoding=\"async\" src=\"http:\/\/img.over-blog.com\/216x300\/5\/39\/35\/68\/lampe-deco.jpg\" alt=\"lampe-deco.jpg\"\/><\/figure>\n\n\n\n<p><strong><em>Sp\u00e9cial galeries<\/em><\/strong><\/p>\n\n\n\n<figure class=\"wp-block-image\"><img decoding=\"async\" src=\"http:\/\/img.over-blog.com\/300x225\/5\/39\/35\/68\/chien.jpg\" alt=\"chien\"\/><\/figure>\n\n\n\n<figure class=\"wp-block-image is-resized\"><img loading=\"lazy\" decoding=\"async\" src=\"https:\/\/img.over-blog-kiwi.com\/1\/19\/47\/27\/20161116\/ob_f33c03_figurines.jpg\" alt=\"\" width=\"305\" height=\"309\"\/><\/figure>\n\n\n\n<figure class=\"wp-block-image is-resized\"><img loading=\"lazy\" decoding=\"async\" src=\"https:\/\/img.over-blog-kiwi.com\/1\/19\/47\/27\/20161116\/ob_52e739_cc19325.jpg\" alt=\"\" width=\"308\" height=\"426\"\/><\/figure>\n\n\n\n<figure class=\"wp-block-image\"><img decoding=\"async\" src=\"http:\/\/img.over-blog.com\/100x75\/5\/39\/35\/68\/roue.jpg\" alt=\"roue\"\/><\/figure>\n\n\n\n<figure class=\"wp-block-image\"><img decoding=\"async\" src=\"http:\/\/img.over-blog.com\/300x225\/5\/39\/35\/68\/oiseau.jpg\" alt=\"oiseau\"\/><\/figure>\n\n\n\n<p><strong><em>En noir et blanc<\/em><\/strong><\/p>\n\n\n\n<figure class=\"wp-block-image is-resized\"><img loading=\"lazy\" decoding=\"async\" src=\"https:\/\/img.over-blog-kiwi.com\/1\/19\/47\/27\/20161116\/ob_358604_en-noir-et-blanc-2-60x60.jpg\" alt=\"\" width=\"323\" height=\"444\"\/><\/figure>\n\n\n\n<figure class=\"wp-block-image is-resized\"><img loading=\"lazy\" decoding=\"async\" src=\"https:\/\/img.over-blog-kiwi.com\/1\/19\/47\/27\/20161116\/ob_c11d13_en-noir-et-blanc-35x35.jpg\" alt=\"\" width=\"167\" height=\"234\"\/><\/figure>\n\n\n\n<p><strong><em>&nbsp; &nbsp; &nbsp; &nbsp; &nbsp; &nbsp; &nbsp; &nbsp; &nbsp; &nbsp; &nbsp; &nbsp; &nbsp; &nbsp; &nbsp; &nbsp; &nbsp; &nbsp; &nbsp; &nbsp; &nbsp; &nbsp; &nbsp; &nbsp; &nbsp; &nbsp; &nbsp; &nbsp; &nbsp; &nbsp; &nbsp; &nbsp; &nbsp; &nbsp; &nbsp; &nbsp; &nbsp; &nbsp; &nbsp; &nbsp; &nbsp; &nbsp; &nbsp; &nbsp; &nbsp; &nbsp; &nbsp; &nbsp; &nbsp; &nbsp; &nbsp; &nbsp; &nbsp; &nbsp; &nbsp; &nbsp; &nbsp; &nbsp;<\/em><\/strong><strong><em>&nbsp; &nbsp; &nbsp; &nbsp; &nbsp; &nbsp; &nbsp; &nbsp; &nbsp; &nbsp; &nbsp; &nbsp; &nbsp;&nbsp; &nbsp; &nbsp; &nbsp; &nbsp; &nbsp; &nbsp; &nbsp; &nbsp; &nbsp; &nbsp; &nbsp; &nbsp; &nbsp; &nbsp; &nbsp; &nbsp; &nbsp; &nbsp; &nbsp; &nbsp; &nbsp; &nbsp; &nbsp; &nbsp; &nbsp; &nbsp; &nbsp; &nbsp; &nbsp; &nbsp; &nbsp; &nbsp; &nbsp; &nbsp; &nbsp; &nbsp; &nbsp; &nbsp; &nbsp; &nbsp; &nbsp; &nbsp; &nbsp; &nbsp; &nbsp; &nbsp; &nbsp; &nbsp; &nbsp; &nbsp; &nbsp; &nbsp; &nbsp; &nbsp; &nbsp; &nbsp; &nbsp; &nbsp; &nbsp; &nbsp; &nbsp;La nature et l&rsquo;\u00e9cologie&nbsp;<\/em><\/strong><\/p>\n\n\n\n<p id=\"yui_3_5_0_1_1444559550532_29441\"><strong><em>&nbsp;&nbsp;&nbsp; &nbsp;<\/em><\/strong><\/p>\n\n\n\n<figure class=\"wp-block-image is-resized\"><img loading=\"lazy\" decoding=\"async\" src=\"https:\/\/img.over-blog-kiwi.com\/1\/19\/47\/27\/20180623\/ob_6c1dde_20171127-121832.jpg\" alt=\"\" width=\"452\" height=\"254\"\/><\/figure>\n\n\n\n<figure class=\"wp-block-image size-large\"><img loading=\"lazy\" decoding=\"async\" width=\"1024\" height=\"576\" src=\"http:\/\/desevedavy.com\/wp-content\/uploads\/2022\/10\/20210224_124526-1024x576.jpg\" alt=\"\" class=\"wp-image-78\" srcset=\"https:\/\/desevedavy.com\/wp-content\/uploads\/2022\/10\/20210224_124526-1024x576.jpg 1024w, https:\/\/desevedavy.com\/wp-content\/uploads\/2022\/10\/20210224_124526-300x169.jpg 300w, https:\/\/desevedavy.com\/wp-content\/uploads\/2022\/10\/20210224_124526-768x432.jpg 768w, https:\/\/desevedavy.com\/wp-content\/uploads\/2022\/10\/20210224_124526-1536x864.jpg 1536w, https:\/\/desevedavy.com\/wp-content\/uploads\/2022\/10\/20210224_124526-2048x1152.jpg 2048w\" sizes=\"auto, (max-width: 1024px) 100vw, 1024px\" \/><\/figure>\n\n\n\n<figure class=\"wp-block-image size-large is-resized\"><img loading=\"lazy\" decoding=\"async\" src=\"http:\/\/desevedavy.com\/wp-content\/uploads\/2022\/10\/I2-1024x768.jpg\" alt=\"\" class=\"wp-image-80\" width=\"333\" height=\"249\" srcset=\"https:\/\/desevedavy.com\/wp-content\/uploads\/2022\/10\/I2-1024x768.jpg 1024w, https:\/\/desevedavy.com\/wp-content\/uploads\/2022\/10\/I2-300x225.jpg 300w, https:\/\/desevedavy.com\/wp-content\/uploads\/2022\/10\/I2-768x576.jpg 768w, https:\/\/desevedavy.com\/wp-content\/uploads\/2022\/10\/I2-1536x1152.jpg 1536w, https:\/\/desevedavy.com\/wp-content\/uploads\/2022\/10\/I2-2048x1536.jpg 2048w\" sizes=\"auto, (max-width: 333px) 100vw, 333px\" \/><\/figure>\n\n\n\n<figure class=\"wp-block-image size-large is-resized\"><img loading=\"lazy\" decoding=\"async\" src=\"http:\/\/desevedavy.com\/wp-content\/uploads\/2022\/10\/colombes-noire-BR-1024x768.jpg\" alt=\"\" class=\"wp-image-81\" width=\"537\" height=\"402\" srcset=\"https:\/\/desevedavy.com\/wp-content\/uploads\/2022\/10\/colombes-noire-BR-1024x768.jpg 1024w, https:\/\/desevedavy.com\/wp-content\/uploads\/2022\/10\/colombes-noire-BR-300x225.jpg 300w, https:\/\/desevedavy.com\/wp-content\/uploads\/2022\/10\/colombes-noire-BR-768x576.jpg 768w, https:\/\/desevedavy.com\/wp-content\/uploads\/2022\/10\/colombes-noire-BR.jpg 1388w\" sizes=\"auto, (max-width: 537px) 100vw, 537px\" \/><\/figure>\n\n\n\n<p><strong><em>les tableaux muraux<\/em><\/strong><\/p>\n\n\n\n<figure class=\"wp-block-image\"><img decoding=\"async\" src=\"http:\/\/img.over-blog.com\/199x300\/5\/39\/35\/68\/tableau-lys.jpg\" alt=\"tableau-lys.jpg\"\/><\/figure>\n\n\n\n<p id=\"yui_3_5_0_1_1444559550532_29133\"><strong>&nbsp; &nbsp; &nbsp; &nbsp; &nbsp; &nbsp; &nbsp; &nbsp; &nbsp; &nbsp; &nbsp; &nbsp; &nbsp; &nbsp; &nbsp; &nbsp; &nbsp; &nbsp;&nbsp;<\/strong>&nbsp; &nbsp;<\/p>\n","protected":false},"excerpt":{"rendered":"<p>la force des rouges,&nbsp;le contraste des mati\u00e8res les rouges d\u00e9co&nbsp; &nbsp;&nbsp; Sp\u00e9cial galeries En noir et blanc &nbsp; &nbsp; &nbsp; &nbsp; &nbsp; &nbsp; &nbsp; &nbsp; &nbsp; &nbsp; &nbsp; &nbsp; &nbsp; &nbsp; &nbsp; &nbsp; &nbsp; &nbsp; &nbsp; &nbsp; &nbsp; &nbsp; &nbsp; &nbsp; &nbsp; &nbsp; &nbsp; &nbsp; &nbsp; &nbsp; &nbsp; &nbsp; &nbsp; &nbsp; &nbsp; &nbsp; &nbsp; &nbsp; [&hellip;]<\/p>\n","protected":false},"author":1,"featured_media":0,"parent":0,"menu_order":0,"comment_status":"closed","ping_status":"closed","template":"","meta":{"footnotes":""},"class_list":["post-19","page","type-page","status-publish","hentry"],"_links":{"self":[{"href":"https:\/\/desevedavy.com\/index.php\/wp-json\/wp\/v2\/pages\/19","targetHints":{"allow":["GET"]}}],"collection":[{"href":"https:\/\/desevedavy.com\/index.php\/wp-json\/wp\/v2\/pages"}],"about":[{"href":"https:\/\/desevedavy.com\/index.php\/wp-json\/wp\/v2\/types\/page"}],"author":[{"embeddable":true,"href":"https:\/\/desevedavy.com\/index.php\/wp-json\/wp\/v2\/users\/1"}],"replies":[{"embeddable":true,"href":"https:\/\/desevedavy.com\/index.php\/wp-json\/wp\/v2\/comments?post=19"}],"version-history":[{"count":10,"href":"https:\/\/desevedavy.com\/index.php\/wp-json\/wp\/v2\/pages\/19\/revisions"}],"predecessor-version":[{"id":88,"href":"https:\/\/desevedavy.com\/index.php\/wp-json\/wp\/v2\/pages\/19\/revisions\/88"}],"wp:attachment":[{"href":"https:\/\/desevedavy.com\/index.php\/wp-json\/wp\/v2\/media?parent=19"}],"curies":[{"name":"wp","href":"https:\/\/api.w.org\/{rel}","templated":true}]}}